{"id":5,"date":"2015-02-16T08:53:10","date_gmt":"2015-02-16T07:53:10","guid":{"rendered":"http:\/\/192.168.1.37\/elwoj\/?page_id=5"},"modified":"2025-04-08T08:53:28","modified_gmt":"2025-04-08T06:53:28","slug":"start","status":"publish","type":"page","link":"https:\/\/elwoj.com\/","title":{"rendered":"Start"},"content":{"rendered":"\n<div class=\"content container\">\n<h3 id=\"about\">O nas<\/h3>\n<div class=\"row\">\n<div class=\"col-md-6\">\n<p><strong>Firma ELWOJ za\u0142o\u017cona zosta\u0142a przez Tomasza Wojnara w lutym 1990 roku jako Instalacje Elektryczne i Pomiary.<\/strong><\/p>\n<p>Od tamtego czasu funkcjonujemy nieprzerwanie. Zakres naszej dzia\u0142alno\u015bci to wykonywanie kompleksowych instalacji elektrycznych i elektroenergetycznych w obiektach mieszkalnych, przemys\u0142owych, u\u017cyteczno\u015bci publicznej oraz sporz\u0105dzanie dokumentacji projektowej (budowlanej i wykonawczej) instalacji elektrycznych i teletechnicznych.<\/p>\n<\/div>\n<div class=\"col-md-6 hidden-xs hidden-sm\">\n<figure><img class=\"wp-post center-block img-responsive\" src=\"https:\/\/elwoj.com\/wp-content\/uploads\/2015\/02\/front.jpg\" alt=\"\"><\/figure><p><\/p>\n<\/div>\n<\/div>\n<p><small>Specjalizujemy si\u0119 w wykonywaniu i projektowaniu kompleksowych rob\u00f3t remontowych instalacji elektrycznych w budynkach zamieszka\u0142ych \u2013 Wsp\u00f3lnotach Mieszkaniowych, Sp\u00f3\u0142dzielniach Mieszkaniowych tak\u017ce budynkach administracji publicznej, budynkach o\u015bwiatowych. Naszym priorytetem jest wykonanie prac w najwy\u017cszej jako\u015bci, zapewnienie mieszka\u0144com jak najmniejszej uci\u0105\u017cliwo\u015bci podczas ich prowadzenia. Uzyskujemy to dzi\u0119ki nabytemu du\u017cemu do\u015bwiadczeniu, dobrej organizacji pracy i kulturze osobistej pracownik\u00f3w naszej Firmy.<\/small><\/p>\n<\/div>\n\n\n\n<div class=\"content container\">\n<h3 id=\"contact\">Kontakt<\/h3>\n<div class=\"row\">\n<div class=\"col-sm-4\">\n<div class=\"person\">\n<p class=\"title\">Biuro:<\/p>\n<p>ul. Woronicza 36 lok.13, 02-640 Warszawa<\/p>\n<p>tel. 22 646 70 83; 22 854 00 84<\/p>\n<p>t.wojnar@elwoj.com<\/p>\n<\/div>\n<\/div>\n<div class=\"col-sm-4\">\n<div class=\"person\">\n<p class=\"title\">W\u0142a\u015bciciel:<\/p>\n<p>Tomasz Wojnar<\/p>\n<p>602 658 123<\/p>\n<p><a href=\"mailto:t.wojnar@elwoj.com\">t.wojnar@elwoj.com<\/a><\/p>\n<\/div>\n<\/div>\n<div class=\"col-sm-4\">\n<div class=\"person\">\n<p class=\"title\">Kierownik Projektu:<\/p>\n<p>mgr in\u017c. Jakub Wojnar<\/p>\n<p>602 445 692<\/p>\n<p><a href=\"mailto:j.wojnar@elwoj.com\">j.wojnar@elwoj.com<\/a><\/p>\n<\/div>\n<\/div>\n<\/div>\n<\/div>\n\n\n\n<div class=\"bg-grey\">\n<div class=\"content container text-center\">\n<h3 id=\"offer\">Oferta<\/h3>\n<div class=\"infopanel clearfix\"><span class=\"nr\">01.<\/span><span class=\"text\">Projektowanie i wykonawstwo instalacji elektrycznych i teletechnicznych<\/span><\/div>\n<div class=\"row\">\n<div class=\"col-md-6\">\n<ul>\n<li>modernizacja opraw o\u015bwietleniowych na LED<\/li>\n<li>wymiana kompletnych opraw lub wymiana jedynie uk\u0142ad\u00f3w zap\u0142onowych na modu\u0142y\/uk\u0142ady soczewkowe LED z zachowaniem obud\u00f3w<\/li>\n<li>instalacje w budynkach mieszkalnych wielorodzinnych<\/li>\n<li>instalacje w halach produkcyjnych<\/li>\n<li>instalacje w obiektach handlowych<\/li>\n<li>instalacje w obiektach biurowych<\/li>\n<li>instalacje w obiektach u\u017cyteczno\u015bci publicznej<\/li>\n<li>instalacje przemys\u0142owe zasilania i sterowania<\/li>\n<li>instalacje dla automatycznych proces\u00f3w produkcyjnych<\/li>\n<li>instalacje w domach i rezydencjach<\/li>\n<li>instalacje w budynkach zabytkowych<\/li>\n<\/ul>\n<\/div>\n<div class=\"col-md-6\">\n<ul>\n<li>instalacje piorunochronne<\/li>\n<li>instalacje przyzywowe, sygnalizacji i ostrzegawcze<\/li>\n<li>o\u015bwietlenia obiekt\u00f3w wewn\u0119trznego i zewn\u0119trznego iluminacji obiekt\u00f3w<\/li>\n<li>o\u015bwietlenia energooszcz\u0119dnego LEDowego, akcentowego<\/li>\n<li class=\"sublist\">sprawdzenia kontrolne:\n<ul>\n<li>&#8211; instalacji i sieci elektroenergetycznej<\/li>\n<li>&#8211; urz\u0105dze\u0144 odbiorczych<\/li>\n<li>&#8211; stacji elektroenergetycznych, rozdzielnic SN i nN<\/li>\n<li>&#8211; maszyn i zespo\u0142\u00f3w<\/li>\n<\/ul>\n<\/li>\n<\/ul>\n<\/div>\n<\/div>\n<div class=\"infopanel clearfix\"><span class=\"nr\">02.<\/span><span class=\"text\">Nadzory proces\u00f3w budowlanych w bran\u017cy elektrycznej<\/span><\/div>\n<div class=\"infopanel clearfix\"><span class=\"nr\">03.<\/span><span class=\"text\">Analizy i oceny stanu technicznego instalacji i urz\u0105dze\u0144 elektrycznych<\/span><\/div>\n<\/div>\n<\/div>\n","protected":false},"excerpt":{"rendered":"<p>O nas Firma ELWOJ za\u0142o\u017cona zosta\u0142a przez Tomasza Wojnara w&#8230;<\/p>\n","protected":false},"author":1,"featured_media":0,"parent":0,"menu_order":0,"comment_status":"closed","ping_status":"closed","template":"","meta":[],"_links":{"self":[{"href":"https:\/\/elwoj.com\/index.php?rest_route=\/wp\/v2\/pages\/5"}],"collection":[{"href":"https:\/\/elwoj.com\/index.php?rest_route=\/wp\/v2\/pages"}],"about":[{"href":"https:\/\/elwoj.com\/index.php?rest_route=\/wp\/v2\/types\/page"}],"author":[{"embeddable":true,"href":"https:\/\/elwoj.com\/index.php?rest_route=\/wp\/v2\/users\/1"}],"replies":[{"embeddable":true,"href":"https:\/\/elwoj.com\/index.php?rest_route=%2Fwp%2Fv2%2Fcomments&post=5"}],"version-history":[{"count":46,"href":"https:\/\/elwoj.com\/index.php?rest_route=\/wp\/v2\/pages\/5\/revisions"}],"predecessor-version":[{"id":977,"href":"https:\/\/elwoj.com\/index.php?rest_route=\/wp\/v2\/pages\/5\/revisions\/977"}],"wp:attachment":[{"href":"https:\/\/elwoj.com\/index.php?rest_route=%2Fwp%2Fv2%2Fmedia&parent=5"}],"curies":[{"name":"wp","href":"https:\/\/api.w.org\/{rel}","templated":true}]}}